{"id":2,"date":"2025-03-24T09:34:47","date_gmt":"2025-03-24T08:34:47","guid":{"rendered":"http:\/\/sectorteruel.salud.aragon.es\/\/?page_id=2"},"modified":"2025-05-22T09:23:49","modified_gmt":"2025-05-22T07:23:49","slug":"pagina-principal","status":"publish","type":"page","link":"https:\/\/sectorteruel.salud.aragon.es\/","title":{"rendered":"P\u00e1gina principal"},"content":{"rendered":"<link href=\"https:\/\/cdn.jsdelivr.net\/npm\/flowbite@3.1.2\/dist\/flowbite.min.css\" rel=\"stylesheet\" \/>\n\n<div id=\"default-carousel\" class=\"relative w-full\" data-carousel=\"slide\">\n    <!-- Carousel wrapper -->\n    <div class=\"relative h-56 overflow-hidden rounded-lg md:h-96\">\n         <!-- Item 1 -->\n        <div class=\"hidden duration-700 ease-in-out div-img\" data-carousel-item>\n            <img decoding=\"async\" src=\"https:\/\/sectorteruel.salud.aragon.es\/wp-content\/uploads\/2025\/05\/Opolanco.jpg\" class=\"absolute block w-full -translate-x-1\/2 -translate-y-1\/2 top-1\/2 left-1\/2\" alt=\"...\">\n        <\/div>\n        <!-- Item 2 -->\n        <div class=\"hidden duration-700 ease-in-out div-img\" data-carousel-item>\n            <img decoding=\"async\" src=\"https:\/\/sectorteruel.salud.aragon.es\/wp-content\/uploads\/2025\/05\/CentroEnsanche.jpg\" class=\"absolute block w-full -translate-x-1\/2 -translate-y-1\/2 top-1\/2 left-1\/2\" alt=\"...\">\n        <\/div>\n        <!-- Item 3 -->\n        <div class=\"hidden duration-700 ease-in-out div-img\" data-carousel-item>\n            <img decoding=\"async\" src=\"https:\/\/sectorteruel.salud.aragon.es\/wp-content\/uploads\/2025\/05\/SanJuan.jpg\" class=\"absolute block w-full -translate-x-1\/2 -translate-y-1\/2 top-1\/2 left-1\/2\" alt=\"...\">\n        <\/div>\n        <!-- Item 4 -->\n        <div class=\"hidden duration-700 ease-in-out div-img\" data-carousel-item>\n            <img decoding=\"async\" src=\"https:\/\/sectorteruel.salud.aragon.es\/wp-content\/uploads\/2025\/05\/SanJose.jpg\" class=\"absolute block w-full -translate-x-1\/2 -translate-y-1\/2 top-1\/2 left-1\/2\" alt=\"...\">\n        <\/div>\n    <\/div>\n    <!-- Slider indicators -->\n    <div class=\"absolute z-30 flex -translate-x-1\/2 space-x-3 rtl:space-x-reverse bottom-5 left-1\/2 div-botones\">\n        <button type=\"button\" class=\"w-3 h-3 rounded-full\" aria-current=\"true\" aria-label=\"Slide 1\" data-carousel-slide-to=\"0\"><\/button>\n        <button type=\"button\" class=\"w-3 h-3 rounded-full\" aria-current=\"false\" aria-label=\"Slide 2\" data-carousel-slide-to=\"1\"><\/button>\n        <button type=\"button\" class=\"w-3 h-3 rounded-full\" aria-current=\"false\" aria-label=\"Slide 3\" data-carousel-slide-to=\"2\"><\/button>\n        <button type=\"button\" class=\"w-3 h-3 rounded-full\" aria-current=\"false\" aria-label=\"Slide 4\" data-carousel-slide-to=\"3\"><\/button>\n        <button type=\"button\" class=\"w-3 h-3 rounded-full\" aria-current=\"false\" aria-label=\"Slide 5\" data-carousel-slide-to=\"4\"><\/button>\n    <\/div>\n    <!-- Slider controls -->\n    <button type=\"button\" class=\"absolute top-0 start-0 z-30 flex items-center justify-center h-full px-4 cursor-pointer group focus:outline-none\" data-carousel-prev>\n        <span class=\"inline-flex items-center justify-center w-10 h-10 rounded-full bg-white\/30 dark:bg-gray-800\/30 group-hover:bg-white\/50 dark:group-hover:bg-gray-800\/60 group-focus:ring-4 group-focus:ring-white dark:group-focus:ring-gray-800\/70 group-focus:outline-none\">\n            <svg class=\"w-4 h-4 text-white dark:text-gray-800 rtl:rotate-180\" aria-hidden=\"true\" xmlns=\"http:\/\/www.w3.org\/2000\/svg\" fill=\"none\" viewBox=\"0 0 6 10\">\n                <path stroke=\"currentColor\" stroke-linecap=\"round\" stroke-linejoin=\"round\" stroke-width=\"2\" d=\"M5 1 1 5l4 4\"\/>\n            <\/svg>\n            <span class=\"sr-only\">Anterior<\/span>\n        <\/span>\n    <\/button>\n    <button type=\"button\" class=\"absolute top-0 end-0 z-30 flex items-center justify-center h-full px-4 cursor-pointer group focus:outline-none\" data-carousel-next>\n        <span class=\"inline-flex items-center justify-center w-10 h-10 rounded-full bg-white\/30 dark:bg-gray-800\/30 group-hover:bg-white\/50 dark:group-hover:bg-gray-800\/60 group-focus:ring-4 group-focus:ring-white dark:group-focus:ring-gray-800\/70 group-focus:outline-none\">\n            <svg class=\"w-4 h-4 text-white dark:text-gray-800 rtl:rotate-180\" aria-hidden=\"true\" xmlns=\"http:\/\/www.w3.org\/2000\/svg\" fill=\"none\" viewBox=\"0 0 6 10\">\n                <path stroke=\"currentColor\" stroke-linecap=\"round\" stroke-linejoin=\"round\" stroke-width=\"2\" d=\"m1 9 4-4-4-4\"\/>\n            <\/svg>\n            <span class=\"sr-only\">Siguiente<\/span>\n        <\/span>\n    <\/button>\n<\/div>\n\n<!--div class=\"img-portada \">\n<img decoding=\"async\" src=\"https:\/\/sectorteruel.salud.aragon.es\/wp-content\/uploads\/2025\/05\/Opolanco.jpg\" class=\"img-principal-1\" alt=\"Imagen hospital obispo polanco\">\n<img decoding=\"async\" src=\"https:\/\/sectorteruel.salud.aragon.es\/wp-content\/uploads\/2025\/05\/CentroEnsanche.jpg\" class=\"img-principal-2\">\n<\/div-->\n<div class=\"gap-xl contenedor-principal\">\n<!-- Principio del contenido -->\n<div class=\"elcontenido\">\n<div class=\"titulos\">\n\n<h2 class=\"wp-block-heading has-large-font-size\" style=\"color: #164969;\">Sector Teruel<\/h2>\n\n\n\n\n<\/div>\n\n<p>El Hospital Obispo Polanco, inaugurado en 1953, es un hospital p\u00fablico dependiente del Servicio Aragon\u00e9s de la Salud (SALUD) que da asistencia sanitaria especializada a los ciudadanos del sector sanitario de Teruel.<\/p>\n\n\n<p>A lo largo de este tiempo ha sufrido distintas reformas y ampliaciones y actualmente est\u00e1 en fase de aprobaci\u00f3n el proyecto de construcci\u00f3n de un nuevo hospital, habi\u00e9ndose ya redactado con la Escuela Andaluza de Salud P\u00fablica el Programa Funcional del nuevo Hospital de Teruel.<\/p>\n\n\n<p>El Hospital Obispo Polanco tiene como misi\u00f3n proporcionar una Atenci\u00f3n Especializada de calidad que responda a las necesidades y expectativas de sus pacientes. Para ello asumimos como gu\u00edas de actuaci\u00f3n el desarrollo de la mejora continua en la implicaci\u00f3n y el crecimiento profesional de sus profesionales, la eficiencia y el equilibrio financiero, la integraci\u00f3n de todos los niveles asistenciales y el compromiso con el respeto al Medio Ambiente.<\/p>\n\n\n<p>Nuestros principales valores son que trabajamos para el paciente, la participaci\u00f3n real de los profesionales y su trabajo en equipo. Apostamos por la innovaci\u00f3n y la mejora continua.<\/p>\n\n\n<p>El hospital realiza actividades de docencia a nivel de pregrado de enfermer\u00eda y medicina y de postgrado de formaci\u00f3n de especialistas MIR de Medicina de Familia, MI, Cirug\u00eda general, Traumatolog\u00eda, Psiquiatr\u00eda y Radiodiagn\u00f3stico.<\/p>\n\n\n<p>Desde esta p\u00e1gina web queremos abrir una ventana hacia la sociedad para que nos pueda conocer mejor, informarle de c\u00f3mo trabajamos, con qu\u00e9 medios humanos y materiales contamos. Les mantendremos informados de noticias generadas por el hospital o mediante enlaces a p\u00e1ginas y direcciones de internet que puedan ser de su inter\u00e9s.<\/p>\n\n\n<p>Pretendemos que \u00e9sta web sea viva, din\u00e1mica, actualizada, \u00fatil. Nos ser\u00eda grato poder contar con su opini\u00f3n y sugerencias sobre la actividad que se desarrolla en el hospital y la atenci\u00f3n que se presta.<\/p>\n\n<\/div>\n<\/div>\n<!-- \/Fin del contenido -->\n\n\n<hr class=\"hr-principal\">\n<div class=\"accesos-directos\">\n<div class=\"div-accd\"><a href=\"https:\/\/sectorteruel.salud.aragon.es\/?page_id=2066\"><img decoding=\"async\" class=\"img-accd\" src=\"https:\/\/sectorteruel.salud.aragon.es\/wp-content\/uploads\/2025\/05\/hospital.png\">\n<h2 class=\"titulo-accd\">Mi Hospital<\/h2><\/a>\n\n<\/div>\n<div class=\"div-accd\"><a href=\"https:\/\/sectorteruel.salud.aragon.es\/?page_id=1917\"><img decoding=\"async\" class=\"img-accd\" src=\"https:\/\/sectorteruel.salud.aragon.es\/wp-content\/uploads\/2025\/05\/centro_salud.png\">\n<h2 class=\"titulo-accd\">Mi centro de Salud<\/h2><\/a>\n<\/div>\n<div class=\"div-accd\"><a href=\"#\"><img decoding=\"async\" class=\"img-accd\" src=\"https:\/\/sectorteruel.salud.aragon.es\/wp-content\/uploads\/2025\/05\/ubicacion.png\">\n<h2 class=\"titulo-accd\">Contacto y Ubicaci\u00f3n<\/h2><\/a>\n<\/div>\n<div class=\"div-accd\"><a href=\"#\"><img decoding=\"async\" class=\"img-accd\" src=\"https:\/\/sectorteruel.salud.aragon.es\/wp-content\/uploads\/2025\/05\/doctor.png\">\n<h2 class=\"titulo-accd\">Residentes<\/h2><\/a>\n<\/div>\n<div class=\"div-accd\"><a href=\"#\"><img decoding=\"async\" class=\"img-accd\" src=\"https:\/\/sectorteruel.salud.aragon.es\/wp-content\/uploads\/2025\/05\/faqs.png\">\n<h2 class=\"titulo-accd\">Informaci\u00f3n Pr\u00e1ctica<\/h2><\/a>\n<\/div>\n<\/div>\n<hr class=\"hr-principal\">\n<div class=\"noticias-slider\">\n \n\t<div class=\"wp-spaios-slider-wrap wp-spaios-row-clearfix\" data-conf=\"{&quot;arrow&quot;:&quot;true&quot;,&quot;pagination&quot;:&quot;true&quot;,&quot;speed&quot;:&quot;1000&quot;,&quot;autoplay&quot;:&quot;false&quot;,&quot;autoplay_speed&quot;:&quot;3000&quot;,&quot;loop&quot;:&quot;true&quot;,&quot;mode_bx&quot;:&quot;horizontal&quot;,&quot;slide_to_show_bx&quot;:&quot;3&quot;,&quot;max_slide_to_show_bx&quot;:1,&quot;slide_to_scroll_bx&quot;:1,&quot;slide_margin_bx&quot;:&quot;&quot;,&quot;slide_width_bx&quot;:&quot;500&quot;,&quot;start_slide_bx&quot;:0,&quot;ticker_bx&quot;:&quot;false&quot;,&quot;ticker_hover_bx&quot;:&quot;false&quot;,&quot;height_start_bx&quot;:&quot;false&quot;,&quot;random_start_bx&quot;:&quot;false&quot;,&quot;caption&quot;:&quot;false&quot;}\">\n\t\t<div class=\"wp-spaios-slider wp-spaios-bxslider wp-spaios-post  bxslider\" id=\"wp-spaios-bxslider-1\" style=\"\">\n\t\t\t\r\n<div class=\"bx-slide\">\r\n\t\t\t<div class=\"wp-spaios-content-wrp\">\r\n\t\t\t\t\t\t\t<div class=\"wp-spaios-title\">\r\n\t\t\t\t\t<a href=\"https:\/\/sectorteruel.salud.aragon.es\/?p=2854\" target=\"_blank\">RESOLUCI\u00d3N PROCEDIMIENTO DE SELECCI\u00d3N DE UNA PLAZA DE PELUQUERO\/A SECTOR TERUEL<\/a>\r\n\t\t\t\t<\/div>\r\n\t\t\t\t\t\t\t<div class=\"wp-spaios-content\">CSV2T8P8KE6LT140XFIL resolucion peluquero-aDescarga<\/div>\r\n\t\t\t\t\t\t\t<a class=\"wp-spaios-readmore-btn\" href=\"https:\/\/sectorteruel.salud.aragon.es\/?p=2854\" target=\"_blank\">Leer m\u00e1s...<\/a>\r\n\t\t\t\t\t<\/div>\r\n\t<\/div>\r\n<div class=\"bx-slide\">\r\n\t\t\t<div class=\"wp-spaios-content-wrp\">\r\n\t\t\t\t\t\t\t<div class=\"wp-spaios-title\">\r\n\t\t\t\t\t<a href=\"https:\/\/sectorteruel.salud.aragon.es\/?p=2849\" target=\"_blank\">PROMOCI\u00d3N INTERNA TEMPORAL 2025. RESOLUCI\u00d3N LISTAS DEFINITIVAS<\/a>\r\n\t\t\t\t<\/div>\r\n\t\t\t\t\t\t\t<div class=\"wp-spaios-content\">CSV8H36WQY1LI1S0XFIL resolucion defintiva pitDescarga ANEXO IDescarga ANEXO IIDescarga<\/div>\r\n\t\t\t\t\t\t\t<a class=\"wp-spaios-readmore-btn\" href=\"https:\/\/sectorteruel.salud.aragon.es\/?p=2849\" target=\"_blank\">Leer m\u00e1s...<\/a>\r\n\t\t\t\t\t<\/div>\r\n\t<\/div>\r\n<div class=\"bx-slide\">\r\n\t\t\t<div class=\"wp-spaios-content-wrp\">\r\n\t\t\t\t\t\t\t<div class=\"wp-spaios-title\">\r\n\t\t\t\t\t<a href=\"https:\/\/sectorteruel.salud.aragon.es\/?p=2846\" target=\"_blank\">DESIGNACI\u00d3N COMISI\u00d3N DE SELECCI\u00d3N Y RELACI\u00d3N ASPIRANTES ADMITIDOS PROVISI\u00d3N DE UNA PLAZA DE PELUQUERO\/A SECTOR TERUEL<\/a>\r\n\t\t\t\t<\/div>\r\n\t\t\t\t\t\t\t<div class=\"wp-spaios-content\">CSVUD0ORU47JM180XFIL provisi\u00f3n peluquero-aDescarga<\/div>\r\n\t\t\t\t\t\t\t<a class=\"wp-spaios-readmore-btn\" href=\"https:\/\/sectorteruel.salud.aragon.es\/?p=2846\" target=\"_blank\">Leer m\u00e1s...<\/a>\r\n\t\t\t\t\t<\/div>\r\n\t<\/div>\r\n<div class=\"bx-slide\">\r\n\t\t\t<div class=\"wp-spaios-content-wrp\">\r\n\t\t\t\t\t\t\t<div class=\"wp-spaios-title\">\r\n\t\t\t\t\t<a href=\"https:\/\/sectorteruel.salud.aragon.es\/?p=2841\" target=\"_blank\">RESOLUCI\u00d3N ACTUALIZACI\u00d3N LISTAS DE PUNTUACIONES PROVISIONALES DE GRUPO T\u00c9CNICO FUNCI\u00d3N ADMINISTRATIVA Y GRUPO GESTI\u00d3N FUNCI\u00d3N ADMINISTRATIVA. PROMOCI\u00d3N INTERNA TEMPORAL 2025.<\/a>\r\n\t\t\t\t<\/div>\r\n\t\t\t\t\t\t\t<div class=\"wp-spaios-content\">RESOLUCIONDescarga ANEXO IDescarga<\/div>\r\n\t\t\t\t\t\t\t<a class=\"wp-spaios-readmore-btn\" href=\"https:\/\/sectorteruel.salud.aragon.es\/?p=2841\" target=\"_blank\">Leer m\u00e1s...<\/a>\r\n\t\t\t\t\t<\/div>\r\n\t<\/div>\r\n<div class=\"bx-slide\">\r\n\t\t\t<div class=\"wp-spaios-content-wrp\">\r\n\t\t\t\t\t\t\t<div class=\"wp-spaios-title\">\r\n\t\t\t\t\t<a href=\"https:\/\/sectorteruel.salud.aragon.es\/?p=2836\" target=\"_blank\">RESOLUCI\u00d3N DE ADJUDICACI\u00d3N DEFINITIVA DE SEGUNDA FASE DE MOVILIDAD INTERNA 2025. SECTOR DE TERUEL<\/a>\r\n\t\t\t\t<\/div>\r\n\t\t\t\t\t\t\t<div class=\"wp-spaios-content\">H. OBISPO POLANCODescarga H. SAN JOSEDescarga CRP SAN JUAN DE DIOSDescarga<\/div>\r\n\t\t\t\t\t\t\t<a class=\"wp-spaios-readmore-btn\" href=\"https:\/\/sectorteruel.salud.aragon.es\/?p=2836\" target=\"_blank\">Leer m\u00e1s...<\/a>\r\n\t\t\t\t\t<\/div>\r\n\t<\/div>\r\n<div class=\"bx-slide\">\r\n\t\t\t<div class=\"wp-spaios-content-wrp\">\r\n\t\t\t\t\t\t\t<div class=\"wp-spaios-title\">\r\n\t\t\t\t\t<a href=\"https:\/\/sectorteruel.salud.aragon.es\/?p=2828\" target=\"_blank\">RESOLUCI\u00d3N ASPIRANTES APTOS PRUEBA APTITUD T\u00c9CNICO SUPERIOR DE SISTEMAS Y TECNOLOG\u00cdAS DE LA INFORMACI\u00d3N. PROMOCI\u00d3N INTERNA TEMPORAL 2025<\/a>\r\n\t\t\t\t<\/div>\r\n\t\t\t\t\t\t\t<div class=\"wp-spaios-content\">CSVAJ8W3TF4L21J0XFIL apto prueba aptitudDescarga<\/div>\r\n\t\t\t\t\t\t\t<a class=\"wp-spaios-readmore-btn\" href=\"https:\/\/sectorteruel.salud.aragon.es\/?p=2828\" target=\"_blank\">Leer m\u00e1s...<\/a>\r\n\t\t\t\t\t<\/div>\r\n\t<\/div>\r\n<div class=\"bx-slide\">\r\n\t\t\t<div class=\"wp-spaios-content-wrp\">\r\n\t\t\t\t\t\t\t<div class=\"wp-spaios-title\">\r\n\t\t\t\t\t<a href=\"https:\/\/sectorteruel.salud.aragon.es\/?p=2824\" target=\"_blank\">RESOLUCI\u00d3N ASPIRANTES APTOS PRUEBA APTITUD GRUPO T\u00c9CNICO FUNCI\u00d3N ADMINISTRATIVA. PROMOCI\u00d3N INTERNA TEMPORAL 2025<\/a>\r\n\t\t\t\t<\/div>\r\n\t\t\t\t\t\t\t<div class=\"wp-spaios-content\">CSVTY7AK0W1K11V0XFIL PRUEBA APTITUD GRUPO TECNICODescarga<\/div>\r\n\t\t\t\t\t\t\t<a class=\"wp-spaios-readmore-btn\" href=\"https:\/\/sectorteruel.salud.aragon.es\/?p=2824\" target=\"_blank\">Leer m\u00e1s...<\/a>\r\n\t\t\t\t\t<\/div>\r\n\t<\/div>\r\n<div class=\"bx-slide\">\r\n\t\t\t<div class=\"wp-spaios-content-wrp\">\r\n\t\t\t\t\t\t\t<div class=\"wp-spaios-title\">\r\n\t\t\t\t\t<a href=\"https:\/\/sectorteruel.salud.aragon.es\/?p=2821\" target=\"_blank\">RESOLUCI\u00d3N ASPIRANTES APTOS PRUEBA APTITUD GRUPO GESTI\u00d3N DE LA FUNCI\u00d3N ADMINISTRATIVA. PROMOCI\u00d3N INTERNA TEMPORAL 2025<\/a>\r\n\t\t\t\t<\/div>\r\n\t\t\t\t\t\t\t<div class=\"wp-spaios-content\">CSV4J543FM2KB1N0XFIL PRUEBA APTITUD GRUPO GESTIONDescarga<\/div>\r\n\t\t\t\t\t\t\t<a class=\"wp-spaios-readmore-btn\" href=\"https:\/\/sectorteruel.salud.aragon.es\/?p=2821\" target=\"_blank\">Leer m\u00e1s...<\/a>\r\n\t\t\t\t\t<\/div>\r\n\t<\/div>\r\n<div class=\"bx-slide\">\r\n\t\t\t<div class=\"wp-spaios-content-wrp\">\r\n\t\t\t\t\t\t\t<div class=\"wp-spaios-title\">\r\n\t\t\t\t\t<a href=\"https:\/\/sectorteruel.salud.aragon.es\/?p=2817\" target=\"_blank\">Preguntas y respuestas. Prueba aptitud T\u00e9cnico Superior de Sistemas y Tecnolog\u00edas de la Informaci\u00f3n. Promoci\u00f3n Interna Temporal 2025<\/a>\r\n\t\t\t\t<\/div>\r\n\t\t\t\t\t\t\t<div class=\"wp-spaios-content\">CUADERNILLO DE PREGUNTASDescarga HOJA DE RESPUESTASDescarga<\/div>\r\n\t\t\t\t\t\t\t<a class=\"wp-spaios-readmore-btn\" href=\"https:\/\/sectorteruel.salud.aragon.es\/?p=2817\" target=\"_blank\">Leer m\u00e1s...<\/a>\r\n\t\t\t\t\t<\/div>\r\n\t<\/div>\r\n<div class=\"bx-slide\">\r\n\t\t\t<div class=\"wp-spaios-content-wrp\">\r\n\t\t\t\t\t\t\t<div class=\"wp-spaios-title\">\r\n\t\t\t\t\t<a href=\"https:\/\/sectorteruel.salud.aragon.es\/?p=2803\" target=\"_blank\">Resoluci\u00f3n de adjudicaci\u00f3n provisional de Segunda Fase de Movilidad Interna de 2025 de Sector de Teruel<\/a>\r\n\t\t\t\t<\/div>\r\n\t\t\t\t\t\t\t<div class=\"wp-spaios-content\">RESOLUCION PROVISIONAL 2\u00ba FASE HOPDescarga RESOLUCION PROVISIONAL 2\u00ba FASE HOSPITAL SAN JOSEDescarga RESOLUCION PROVISIONAL 2\u00ba FASE CRP SAN JUAN DE DIOSDescarga<\/div>\r\n\t\t\t\t\t\t\t<a class=\"wp-spaios-readmore-btn\" href=\"https:\/\/sectorteruel.salud.aragon.es\/?p=2803\" target=\"_blank\">Leer m\u00e1s...<\/a>\r\n\t\t\t\t\t<\/div>\r\n\t<\/div>\t\t\t\t\t<\/div>\n\t<\/div>\n\t\n<\/div>\n<script src=\"https:\/\/cdn.jsdelivr.net\/npm\/flowbite@3.1.2\/dist\/flowbite.min.js\"><\/script>","protected":false},"excerpt":{"rendered":"<p>Anterior Siguiente Sector Teruel El Hospital Obispo Polanco, inaugurado en 1953, es un hospital p\u00fablico dependiente del Servicio Aragon\u00e9s de la Salud (SALUD) que da asistencia sanitaria especializada a los ciudadanos del sector sanitario de Teruel. A lo largo de este tiempo ha sufrido distintas reformas y ampliaciones y actualmente est\u00e1 en fase de aprobaci\u00f3n [&hellip;]<\/p>\n","protected":false},"author":1,"featured_media":0,"parent":0,"menu_order":0,"comment_status":"closed","ping_status":"closed","template":"","meta":{"footnotes":""},"class_list":["post-2","page","type-page","status-publish","hentry"],"_links":{"self":[{"href":"https:\/\/sectorteruel.salud.aragon.es\/index.php?rest_route=\/wp\/v2\/pages\/2","targetHints":{"allow":["GET"]}}],"collection":[{"href":"https:\/\/sectorteruel.salud.aragon.es\/index.php?rest_route=\/wp\/v2\/pages"}],"about":[{"href":"https:\/\/sectorteruel.salud.aragon.es\/index.php?rest_route=\/wp\/v2\/types\/page"}],"author":[{"embeddable":true,"href":"https:\/\/sectorteruel.salud.aragon.es\/index.php?rest_route=\/wp\/v2\/users\/1"}],"replies":[{"embeddable":true,"href":"https:\/\/sectorteruel.salud.aragon.es\/index.php?rest_route=%2Fwp%2Fv2%2Fcomments&post=2"}],"version-history":[{"count":85,"href":"https:\/\/sectorteruel.salud.aragon.es\/index.php?rest_route=\/wp\/v2\/pages\/2\/revisions"}],"predecessor-version":[{"id":2511,"href":"https:\/\/sectorteruel.salud.aragon.es\/index.php?rest_route=\/wp\/v2\/pages\/2\/revisions\/2511"}],"wp:attachment":[{"href":"https:\/\/sectorteruel.salud.aragon.es\/index.php?rest_route=%2Fwp%2Fv2%2Fmedia&parent=2"}],"curies":[{"name":"wp","href":"https:\/\/api.w.org\/{rel}","templated":true}]}}