{"id":2085,"date":"2025-05-21T10:08:48","date_gmt":"2025-05-21T08:08:48","guid":{"rendered":"http:\/\/sectorteruel.salud.aragon.es\/?page_id=2085"},"modified":"2025-05-21T10:14:04","modified_gmt":"2025-05-21T08:14:04","slug":"politica-de-cookies","status":"publish","type":"page","link":"https:\/\/sectorteruel.salud.aragon.es\/?page_id=2085","title":{"rendered":"Pol\u00edtica de Cookies"},"content":{"rendered":"<div class=\"cookies\">\n\n<h2 class=\"wp-block-heading\">Pol\u00edtica de Cookies<\/h2>\n\n\n\n<p>Las cookies son peque\u00f1os ficheros de texto que se almacenan en los equipos de los usuarios a trav\u00e9s de las distintas webs que visitan. Son herramientas esenciales para la prestaci\u00f3n de servicios de la sociedad de la informaci\u00f3n. Entre otros, permiten a una p\u00e1gina web almacenar y recuperar informaci\u00f3n sobre los h\u00e1bitos de navegaci\u00f3n de un usuario o de su equipo y, dependiendo de la informaci\u00f3n obtenida, se pueden utilizar para reconocer al usuario y personalizar el servicio ofrecido.<\/p>\n\n\n\n<p>Con la finalidad de ofrecer un mejor servicio a trav\u00e9s de esta sede, y con el objeto de facilitar su uso, se recogen de forma autom\u00e1tica los datos de conexi\u00f3n y navegaci\u00f3n en el portal, que permiten cuantificar y analizar:<\/p>\n\n\n\n<ul class=\"wp-block-list\">\n<li>El n\u00famero de p\u00e1ginas visitadas<\/li>\n\n\n\n<li>El n\u00famero de visitas<\/li>\n\n\n\n<li>La actividad de las mismas<\/li>\n\n\n\n<li>La frecuencia de utilizaci\u00f3n<\/li>\n<\/ul>\n\n\n\n<p>Para m\u00e1s informaci\u00f3n puede consultar la Gu\u00eda sobre el uso de las cookies de la Agencia Espa\u00f1ola de Protecci\u00f3n de Datos (PDF, 4 Mb)<\/p>\n\n\n\n<p>Las cookies que utilizamos son las siguientes:<\/p>\n\n\n\n<h2 class=\"wp-block-heading\">Cookies t\u00e9cnicas que recuerdan su configuraci\u00f3n<\/h2>\n\n\n\n<p>\u00abCookies\u00bb propias no configurables. Siempre activas. No las compartimos con terceros. En cada fila encontrar\u00e1s los datos de una \u00abcookie\u00bb:<\/p>\n\n\n\n<figure class=\"wp-block-table\"><table class=\"has-fixed-layout\"><tbody><tr><th>Tipo de cookie<\/th><th>Nombre<\/th><th>Duraci\u00f3n<\/th><th>Uso<\/th><\/tr><tr><td>Gestor de contenido<\/td><td>COOKIE_YES<\/td><td>1 a\u00f1o<\/td><td>Comprueba el uso de \u00abcookies\u00bb por el navegador del usuario.<\/td><\/tr><tr><td>Gestor de contenido<\/td><td>GUEST_LANGUAGE_ID<\/td><td>1 a\u00f1o<\/td><td>Almacena el idioma que utiliza el usuario.<\/td><\/tr><tr><td>Gestor de contenido<\/td><td>LAST_VISITED_PAGES<\/td><td>30 d\u00edas<\/td><td>Hacer seguimiento de las \u00faltimas p\u00e1ginas visitadas por el usuario y ofrecerle una navegaci\u00f3n personalizada.<\/td><\/tr><tr><td>Gestor de contenido<\/td><td>LFR_SESSION_STATE_20104<\/td><td>Sesi\u00f3n<\/td><td>Mantiene la sesi\u00f3n del usuario activa.<\/td><\/tr><\/tbody><\/table><\/figure>\n\n\n\n<h2 class=\"wp-block-heading\">Cookies que miden el uso del sitio web<\/h2>\n\n\n\n<p id=\"custom-table-8030\">Google Analytics establece las siguientes \u00abcookies\u00bb. En cada fila encontrar\u00e1s los distintos nombres de \u00abcookies\u00bb:<\/p>\n\n\n\n<figure class=\"wp-block-table\"><table class=\"has-fixed-layout\"><tbody><tr><th>Tipo de cookie<\/th><th>Nombre<\/th><th>Duraci\u00f3n<\/th><th>Uso<\/th><th>Pol\u00edtica<\/th><\/tr><tr><td>An\u00e1lisis y medici\u00f3n<\/td><td>_ga<\/td><td>2 a\u00f1os<\/td><td>Se usa para contar los usuarios \u00fanicos.<\/td><td>Pol\u00edtica de Google Analytics<\/td><\/tr><tr><td>An\u00e1lisis y medici\u00f3n<\/td><td>_gid<\/td><td>24 horas<\/td><td>Se usa para contar los usuarios \u00fanicos.<\/td><td>Pol\u00edtica de Google Analytics<\/td><\/tr><tr><td>An\u00e1lisis y medici\u00f3n<\/td><td>_gat_<\/td><td>1 minuto<\/td><td>Se utiliza para limitar el porcentaje de solicitudes.<\/td><td>Pol\u00edtica de Google Analytics<\/td><\/tr><\/tbody><\/table><\/figure>\n\n\n\n<h2 class=\"wp-block-heading\">Cookies de an\u00e1lisis<\/h2>\n\n\n\n<p id=\"custom-table-5024\">Estas \u00abcookies\u00bb permiten tener un seguimiento del usuario para estudios de comportamientoy poder realizar mejoras en el portal. En cada fila encontrar\u00e1s los distintos nombres de \u00abcookies\u00bb:<\/p>\n\n\n\n<figure class=\"wp-block-table\"><table class=\"has-fixed-layout\"><tbody><tr><th>Tipo de cookie<\/th><th>Nombre<\/th><th>Duraci\u00f3n<\/th><th>Uso<\/th><th>Pol\u00edtica<\/th><\/tr><tr><td>Necesaria<\/td><td>GRECAPTCHA<\/td><td>Sesi\u00f3n<\/td><td>.This cookie is set by the Google recaptcha service to identify bots to protect the website against malicious spam attacks.5 months 27 daysNecessary<\/td><td>www.google.com<\/td><\/tr><\/tbody><\/table><\/figure>\n\n\n\n<p>Las cookies utilizadas en este sitio web <strong>no requieren el consentimiento<\/strong>. El Gobierno de Arag\u00f3n, por la actividad desarrollada en el mismo, no tiene el car\u00e1cter de prestador de servicios de la sociedad de la informaci\u00f3n, tal como aparece definido en el anexo de la Ley 34\/2002, de 11 de julio, de servicios de la sociedad de la informaci\u00f3n y de comercio electr\u00f3nico.<\/p>\n\n\n\n<h2 class=\"wp-block-heading\">\u00bfC\u00f3mo restringir, bloquear o borrar las cookies?<\/h2>\n\n\n\n<p>Puede restringir, bloquear y eliminar las&nbsp;cookies&nbsp;instaladas en su equipo mediante la configuraci\u00f3n&nbsp;de las opciones del navegador utilizado:<\/p>\n\n\n\n<ul class=\"wp-block-list\">\n<li><a href=\"https:\/\/support.google.com\/chrome\/answer\/95647?hl=es\" target=\"_blank\" rel=\"noreferrer noopener\">Chrome<\/a><\/li>\n\n\n\n<li><a href=\"https:\/\/support.microsoft.com\/es-es\/windows\/microsoft-edge-datos-de-exploraci%C3%B3n-y-privacidad-bb8174ba-9d73-dcf2-9b4a-c582b4e640dd\" target=\"_blank\" rel=\"noreferrer noopener\">Edge<\/a><\/li>\n\n\n\n<li><a href=\"https:\/\/support.mozilla.org\/es\/kb\/Borrar%20cookies\" target=\"_blank\" rel=\"noreferrer noopener\">Firefox<\/a><\/li>\n\n\n\n<li><a href=\"https:\/\/support.microsoft.com\/es-es\/windows\/eliminar-y-administrar-cookies-168dab11-0753-043d-7c16-ede5947fc64d\" target=\"_blank\" rel=\"noreferrer noopener\">Internet Explorer<\/a><\/li>\n\n\n\n<li><a href=\"https:\/\/help.opera.com\/en\/latest\/web-preferences\/#cookies\" target=\"_blank\" rel=\"noreferrer noopener\">Opera<\/a><\/li>\n\n\n\n<li><a href=\"https:\/\/support.apple.com\/es-es\/guide\/safari\/sfri11471\/mac\" target=\"_blank\" rel=\"noreferrer noopener\">Safari (MAC)<\/a><\/li>\n\n\n\n<li><a href=\"https:\/\/support.apple.com\/es-es\/HT201265\" target=\"_blank\" rel=\"noreferrer noopener\">Safari (IOS)<\/a><\/li>\n<\/ul>\n\n\n\n<p><strong>Aviso<\/strong>: en caso de bloquear las&nbsp;cookies puede que determinados servicios o funcionalidades del sitio web no funcionen correctamente.<\/p>\n\n\n\n<p>Ampl\u00ede la informaci\u00f3n sobre las cookies en&nbsp;la <a href=\"https:\/\/www.osi.es\/es\/actualidad\/blog\/2019\/09\/11\/por-que-borrar-las-cookies-del-navegador\" target=\"_blank\" rel=\"noreferrer noopener\">web de la Oficina de Seguridad del Internauta<\/a><\/p>\n\n\n\n<p>\u00daltima actualizaci\u00f3n: 01\/04\/2023<\/p>\n\n<\/div>","protected":false},"excerpt":{"rendered":"<p>Pol\u00edtica de Cookies Las cookies son peque\u00f1os ficheros de texto que se almacenan en los equipos de los usuarios a trav\u00e9s de las distintas webs que visitan. Son herramientas esenciales para la prestaci\u00f3n de servicios de la sociedad de la informaci\u00f3n. Entre otros, permiten a una p\u00e1gina web almacenar y recuperar informaci\u00f3n sobre los h\u00e1bitos [&hellip;]<\/p>\n","protected":false},"author":1,"featured_media":0,"parent":0,"menu_order":0,"comment_status":"closed","ping_status":"closed","template":"","meta":{"footnotes":""},"class_list":["post-2085","page","type-page","status-publish","hentry"],"_links":{"self":[{"href":"https:\/\/sectorteruel.salud.aragon.es\/index.php?rest_route=\/wp\/v2\/pages\/2085","targetHints":{"allow":["GET"]}}],"collection":[{"href":"https:\/\/sectorteruel.salud.aragon.es\/index.php?rest_route=\/wp\/v2\/pages"}],"about":[{"href":"https:\/\/sectorteruel.salud.aragon.es\/index.php?rest_route=\/wp\/v2\/types\/page"}],"author":[{"embeddable":true,"href":"https:\/\/sectorteruel.salud.aragon.es\/index.php?rest_route=\/wp\/v2\/users\/1"}],"replies":[{"embeddable":true,"href":"https:\/\/sectorteruel.salud.aragon.es\/index.php?rest_route=%2Fwp%2Fv2%2Fcomments&post=2085"}],"version-history":[{"count":7,"href":"https:\/\/sectorteruel.salud.aragon.es\/index.php?rest_route=\/wp\/v2\/pages\/2085\/revisions"}],"predecessor-version":[{"id":2098,"href":"https:\/\/sectorteruel.salud.aragon.es\/index.php?rest_route=\/wp\/v2\/pages\/2085\/revisions\/2098"}],"wp:attachment":[{"href":"https:\/\/sectorteruel.salud.aragon.es\/index.php?rest_route=%2Fwp%2Fv2%2Fmedia&parent=2085"}],"curies":[{"name":"wp","href":"https:\/\/api.w.org\/{rel}","templated":true}]}}